{"id":22629,"date":"2021-12-12T19:04:53","date_gmt":"2021-12-12T18:04:53","guid":{"rendered":"https:\/\/about.fb.com\/fr\/?page_id=22629"},"modified":"2021-12-13T15:29:05","modified_gmt":"2021-12-13T14:29:05","slug":"goodideasshop","status":"publish","type":"page","link":"https:\/\/about.fb.com\/fr\/goodideasshop\/","title":{"rendered":"Good Ideas Shop"},"content":{"rendered":"","protected":false},"excerpt":{"rendered":"","protected":false},"author":136784655,"featured_media":22695,"parent":0,"menu_order":9999,"comment_status":"closed","ping_status":"closed","template":"page-gifts.php","meta":{"footnotes":""},"class_list":["post-22629","page","type-page","status-publish","has-post-thumbnail","hentry"],"yoast_head":"<!-- This site is optimized with the Yoast SEO plugin v27.2 - https:\/\/yoast.com\/product\/yoast-seo-wordpress\/ -->\n<title>Good Ideas Shop | \u00c0 propos de Meta<\/title>\n<meta name=\"description\" content=\"Chaque petite entreprise na\u00eet d\u2019une bonne id\u00e9e. D\u00e9couvrez-les sur Facebook, Instagram et dans votre communaut\u00e9.\" \/>\n<meta name=\"robots\" content=\"index, follow, max-snippet:-1, max-image-preview:large, max-video-preview:-1\" \/>\n<link rel=\"canonical\" href=\"https:\/\/about.fb.com\/fr\/goodideasshop\/\" \/>\n<meta property=\"og:locale\" content=\"fr_FR\" \/>\n<meta property=\"og:type\" content=\"article\" \/>\n<meta property=\"og:title\" content=\"Good Ideas Shop | \u00c0 propos de Meta\" \/>\n<meta property=\"og:description\" content=\"Chaque petite entreprise na\u00eet d\u2019une bonne id\u00e9e. D\u00e9couvrez-les sur Facebook, Instagram et dans votre communaut\u00e9.\" \/>\n<meta property=\"og:url\" content=\"https:\/\/about.fb.com\/fr\/goodideasshop\/\" \/>\n<meta property=\"og:site_name\" content=\"\u00c0 propos de Meta\" \/>\n<meta property=\"article:modified_time\" content=\"2021-12-13T14:29:05+00:00\" \/>\n<meta property=\"og:image\" content=\"https:\/\/about.fb.com\/fr\/wp-content\/uploads\/sites\/12\/2021\/12\/Preview2x-1-1.png?resize=1024,536\" \/>\n\t<meta property=\"og:image:width\" content=\"1024\" \/>\n\t<meta property=\"og:image:height\" content=\"536\" \/>\n\t<meta property=\"og:image:type\" content=\"image\/png\" \/>\n<meta name=\"twitter:card\" content=\"summary_large_image\" \/>\n<script type=\"application\/ld+json\" class=\"yoast-schema-graph\">{\"@context\":\"https:\/\/schema.org\",\"@graph\":[{\"@type\":\"WebPage\",\"@id\":\"https:\/\/about.fb.com\/fr\/goodideasshop\/\",\"url\":\"https:\/\/about.fb.com\/fr\/goodideasshop\/\",\"name\":\"Good Ideas Shop | \u00c0 propos de Meta\",\"isPartOf\":{\"@id\":\"https:\/\/about.fb.com\/fr\/#website\"},\"primaryImageOfPage\":{\"@id\":\"https:\/\/about.fb.com\/fr\/goodideasshop\/#primaryimage\"},\"image\":{\"@id\":\"https:\/\/about.fb.com\/fr\/goodideasshop\/#primaryimage\"},\"thumbnailUrl\":\"https:\/\/about.fb.com\/fr\/wp-content\/uploads\/sites\/12\/2021\/12\/Preview2x-1-1.png?fit=2400%2C1256\",\"datePublished\":\"2021-12-12T18:04:53+00:00\",\"dateModified\":\"2021-12-13T14:29:05+00:00\",\"description\":\"Chaque petite entreprise na\u00eet d\u2019une bonne id\u00e9e. D\u00e9couvrez-les sur Facebook, Instagram et dans votre communaut\u00e9.\",\"breadcrumb\":{\"@id\":\"https:\/\/about.fb.com\/fr\/goodideasshop\/#breadcrumb\"},\"inLanguage\":\"fr-FR\",\"potentialAction\":[{\"@type\":\"ReadAction\",\"target\":[\"https:\/\/about.fb.com\/fr\/goodideasshop\/\"]}],\"author\":\"\u00c0 propos de Meta\"},{\"@type\":\"ImageObject\",\"inLanguage\":\"fr-FR\",\"@id\":\"https:\/\/about.fb.com\/fr\/goodideasshop\/#primaryimage\",\"url\":\"https:\/\/about.fb.com\/fr\/wp-content\/uploads\/sites\/12\/2021\/12\/Preview2x-1-1.png?fit=2400%2C1256\",\"contentUrl\":\"https:\/\/about.fb.com\/fr\/wp-content\/uploads\/sites\/12\/2021\/12\/Preview2x-1-1.png?fit=2400%2C1256\",\"width\":2400,\"height\":1256},{\"@type\":\"BreadcrumbList\",\"@id\":\"https:\/\/about.fb.com\/fr\/goodideasshop\/#breadcrumb\",\"itemListElement\":[{\"@type\":\"ListItem\",\"position\":1,\"name\":\"Home\",\"item\":\"https:\/\/about.fb.com\/fr\/\"},{\"@type\":\"ListItem\",\"position\":2,\"name\":\"Good Ideas Shop\"}]},{\"@type\":\"WebSite\",\"@id\":\"https:\/\/about.fb.com\/fr\/#website\",\"url\":\"https:\/\/about.fb.com\/news\/\",\"name\":\"\u00c0 propos de Meta\",\"description\":\"\",\"publisher\":{\"@id\":\"https:\/\/about.fb.com\/fr\/#organization\"},\"potentialAction\":[{\"@type\":\"SearchAction\",\"target\":{\"@type\":\"EntryPoint\",\"urlTemplate\":\"https:\/\/about.fb.com\/fr\/?s={search_term_string}\"},\"query-input\":{\"@type\":\"PropertyValueSpecification\",\"valueRequired\":true,\"valueName\":\"search_term_string\"}}],\"inLanguage\":\"fr-FR\",\"alternateName\":[\"Meta Newsroom\",\"Meta\"]},{\"@type\":\"Organization\",\"@id\":\"https:\/\/about.fb.com\/fr\/#organization\",\"name\":\"Meta\",\"url\":\"https:\/\/about.fb.com\/fr\/\",\"logo\":{\"@type\":\"ImageObject\",\"inLanguage\":\"fr-FR\",\"@id\":\"https:\/\/about.fb.com\/fr\/#\/schema\/logo\/image\/\",\"url\":\"https:\/\/about.fb.com\/fr\/wp-content\/uploads\/sites\/12\/2021\/10\/meta-social-16x9-1.jpg?fit=8000%2C4500\",\"contentUrl\":\"https:\/\/about.fb.com\/fr\/wp-content\/uploads\/sites\/12\/2021\/10\/meta-social-16x9-1.jpg?fit=8000%2C4500\",\"width\":8000,\"height\":4500,\"caption\":\"Meta\"},\"image\":{\"@id\":\"https:\/\/about.fb.com\/fr\/#\/schema\/logo\/image\/\"}}]}<\/script>\n<!-- \/ Yoast SEO plugin. -->","yoast_head_json":{"title":"Good Ideas Shop | \u00c0 propos de Meta","description":"Chaque petite entreprise na\u00eet d\u2019une bonne id\u00e9e. D\u00e9couvrez-les sur Facebook, Instagram et dans votre communaut\u00e9.","robots":{"index":"index","follow":"follow","max-snippet":"max-snippet:-1","max-image-preview":"max-image-preview:large","max-video-preview":"max-video-preview:-1"},"canonical":"https:\/\/about.fb.com\/fr\/goodideasshop\/","og_locale":"fr_FR","og_type":"article","og_title":"Good Ideas Shop | \u00c0 propos de Meta","og_description":"Chaque petite entreprise na\u00eet d\u2019une bonne id\u00e9e. D\u00e9couvrez-les sur Facebook, Instagram et dans votre communaut\u00e9.","og_url":"https:\/\/about.fb.com\/fr\/goodideasshop\/","og_site_name":"\u00c0 propos de Meta","article_modified_time":"2021-12-13T14:29:05+00:00","og_image":[{"width":1024,"height":536,"url":"https:\/\/about.fb.com\/fr\/wp-content\/uploads\/sites\/12\/2021\/12\/Preview2x-1-1.png?resize=1024,536","type":"image\/png"}],"twitter_card":"summary_large_image","schema":{"@context":"https:\/\/schema.org","@graph":[{"@type":"WebPage","@id":"https:\/\/about.fb.com\/fr\/goodideasshop\/","url":"https:\/\/about.fb.com\/fr\/goodideasshop\/","name":"Good Ideas Shop | \u00c0 propos de Meta","isPartOf":{"@id":"https:\/\/about.fb.com\/fr\/#website"},"primaryImageOfPage":{"@id":"https:\/\/about.fb.com\/fr\/goodideasshop\/#primaryimage"},"image":{"@id":"https:\/\/about.fb.com\/fr\/goodideasshop\/#primaryimage"},"thumbnailUrl":"https:\/\/about.fb.com\/fr\/wp-content\/uploads\/sites\/12\/2021\/12\/Preview2x-1-1.png?fit=2400%2C1256","datePublished":"2021-12-12T18:04:53+00:00","dateModified":"2021-12-13T14:29:05+00:00","description":"Chaque petite entreprise na\u00eet d\u2019une bonne id\u00e9e. D\u00e9couvrez-les sur Facebook, Instagram et dans votre communaut\u00e9.","breadcrumb":{"@id":"https:\/\/about.fb.com\/fr\/goodideasshop\/#breadcrumb"},"inLanguage":"fr-FR","potentialAction":[{"@type":"ReadAction","target":["https:\/\/about.fb.com\/fr\/goodideasshop\/"]}],"author":"\u00c0 propos de Meta"},{"@type":"ImageObject","inLanguage":"fr-FR","@id":"https:\/\/about.fb.com\/fr\/goodideasshop\/#primaryimage","url":"https:\/\/about.fb.com\/fr\/wp-content\/uploads\/sites\/12\/2021\/12\/Preview2x-1-1.png?fit=2400%2C1256","contentUrl":"https:\/\/about.fb.com\/fr\/wp-content\/uploads\/sites\/12\/2021\/12\/Preview2x-1-1.png?fit=2400%2C1256","width":2400,"height":1256},{"@type":"BreadcrumbList","@id":"https:\/\/about.fb.com\/fr\/goodideasshop\/#breadcrumb","itemListElement":[{"@type":"ListItem","position":1,"name":"Home","item":"https:\/\/about.fb.com\/fr\/"},{"@type":"ListItem","position":2,"name":"Good Ideas Shop"}]},{"@type":"WebSite","@id":"https:\/\/about.fb.com\/fr\/#website","url":"https:\/\/about.fb.com\/news\/","name":"\u00c0 propos de Meta","description":"","publisher":{"@id":"https:\/\/about.fb.com\/fr\/#organization"},"potentialAction":[{"@type":"SearchAction","target":{"@type":"EntryPoint","urlTemplate":"https:\/\/about.fb.com\/fr\/?s={search_term_string}"},"query-input":{"@type":"PropertyValueSpecification","valueRequired":true,"valueName":"search_term_string"}}],"inLanguage":"fr-FR","alternateName":["Meta Newsroom","Meta"]},{"@type":"Organization","@id":"https:\/\/about.fb.com\/fr\/#organization","name":"Meta","url":"https:\/\/about.fb.com\/fr\/","logo":{"@type":"ImageObject","inLanguage":"fr-FR","@id":"https:\/\/about.fb.com\/fr\/#\/schema\/logo\/image\/","url":"https:\/\/about.fb.com\/fr\/wp-content\/uploads\/sites\/12\/2021\/10\/meta-social-16x9-1.jpg?fit=8000%2C4500","contentUrl":"https:\/\/about.fb.com\/fr\/wp-content\/uploads\/sites\/12\/2021\/10\/meta-social-16x9-1.jpg?fit=8000%2C4500","width":8000,"height":4500,"caption":"Meta"},"image":{"@id":"https:\/\/about.fb.com\/fr\/#\/schema\/logo\/image\/"}}]}},"jetpack-related-posts":[],"jetpack_sharing_enabled":true,"amp_enabled":false,"_links":{"self":[{"href":"https:\/\/about.fb.com\/fr\/wp-json\/wp\/v2\/pages\/22629","targetHints":{"allow":["GET"]}}],"collection":[{"href":"https:\/\/about.fb.com\/fr\/wp-json\/wp\/v2\/pages"}],"about":[{"href":"https:\/\/about.fb.com\/fr\/wp-json\/wp\/v2\/types\/page"}],"author":[{"embeddable":true,"href":"https:\/\/about.fb.com\/fr\/wp-json\/wp\/v2\/users\/136784655"}],"replies":[{"embeddable":true,"href":"https:\/\/about.fb.com\/fr\/wp-json\/wp\/v2\/comments?post=22629"}],"version-history":[{"count":1,"href":"https:\/\/about.fb.com\/fr\/wp-json\/wp\/v2\/pages\/22629\/revisions"}],"predecessor-version":[{"id":22631,"href":"https:\/\/about.fb.com\/fr\/wp-json\/wp\/v2\/pages\/22629\/revisions\/22631"}],"wp:featuredmedia":[{"embeddable":true,"href":"https:\/\/about.fb.com\/fr\/wp-json\/wp\/v2\/media\/22695"}],"wp:attachment":[{"href":"https:\/\/about.fb.com\/fr\/wp-json\/wp\/v2\/media?parent=22629"}],"curies":[{"name":"wp","href":"https:\/\/api.w.org\/{rel}","templated":true}]}}