{"id":18,"date":"2019-08-20T13:49:03","date_gmt":"2019-08-20T13:49:03","guid":{"rendered":"https:\/\/about-fb-preprod.go-vip.net\/?page_id=18"},"modified":"2025-08-06T12:44:56","modified_gmt":"2025-08-06T10:44:56","slug":"front-page","status":"publish","type":"page","link":"https:\/\/about.fb.com\/fr\/","title":{"rendered":"Premi\u00e8re page"},"content":{"rendered":"<p>Nous concevons des technologies qui permettent aux gens de se connecter \u00e0 leurs amis, leur famille, de trouver de nouvelles communaut\u00e9s et de d\u00e9velopper leur entreprise.<\/p>\n","protected":false},"excerpt":{"rendered":"Nous concevons des technologies qui permettent aux gens de se connecter \u00e0 leurs amis, leur famille, de trouver de nouvelles communaut\u00e9s et de d\u00e9velopper leur entreprise.","protected":false},"author":107536138,"featured_media":21653,"parent":0,"menu_order":9999,"comment_status":"closed","ping_status":"closed","template":"page-front-page.php","meta":{"footnotes":""},"class_list":["post-18","page","type-page","status-publish","has-post-thumbnail","hentry"],"yoast_head":"<!-- This site is optimized with the Yoast SEO plugin v27.2 - https:\/\/yoast.com\/product\/yoast-seo-wordpress\/ -->\n<title>\u00c0 propos de Meta<\/title>\n<meta name=\"description\" content=\"La soci\u00e9t\u00e9 Facebook d\u00e9veloppe des technologies qui permettent aux individus de communiquer avec leurs amis et leur famille, de trouver des communaut\u00e9s et de d\u00e9velopper leur entreprise.\" \/>\n<meta name=\"robots\" content=\"index, follow, max-snippet:-1, max-image-preview:large, max-video-preview:-1\" \/>\n<link rel=\"canonical\" href=\"https:\/\/about.fb.com\/fr\/\" \/>\n<meta property=\"og:locale\" content=\"fr_FR\" \/>\n<meta property=\"og:type\" content=\"article\" \/>\n<meta property=\"og:title\" content=\"\u00c0 propos de Meta\" \/>\n<meta property=\"og:description\" content=\"La soci\u00e9t\u00e9 Facebook d\u00e9veloppe des technologies qui permettent aux individus de communiquer avec leurs amis et leur famille, de trouver des communaut\u00e9s et de d\u00e9velopper leur entreprise.\" \/>\n<meta property=\"og:url\" content=\"https:\/\/about.fb.com\/fr\/\" \/>\n<meta property=\"og:site_name\" content=\"\u00c0 propos de Meta\" \/>\n<meta property=\"article:modified_time\" content=\"2025-08-06T10:44:56+00:00\" \/>\n<meta property=\"og:image\" content=\"https:\/\/about.fb.com\/fr\/wp-content\/uploads\/sites\/12\/2020\/07\/hp-sharing-social.jpg?resize=1024,536\" \/>\n\t<meta property=\"og:image:width\" content=\"1024\" \/>\n\t<meta property=\"og:image:height\" content=\"536\" \/>\n\t<meta property=\"og:image:type\" content=\"image\/jpeg\" \/>\n<meta name=\"twitter:card\" content=\"summary_large_image\" \/>\n<meta name=\"twitter:description\" content=\"La soci\u00e9t\u00e9 Facebook d\u00e9veloppe des technologies qui permettent aux individus de communiquer avec leurs amis et leur famille, de trouver des communaut\u00e9s et de d\u00e9velopper leur entreprise.\" \/>\n<meta name=\"twitter:label1\" content=\"Est. reading time\" \/>\n\t<meta name=\"twitter:data1\" content=\"1 minute\" \/>\n<script type=\"application\/ld+json\" class=\"yoast-schema-graph\">{\"@context\":\"https:\/\/schema.org\",\"@graph\":[{\"@type\":\"WebPage\",\"@id\":\"https:\/\/about.fb.com\/fr\/\",\"url\":\"https:\/\/about.fb.com\/fr\/\",\"name\":\"\u00c0 propos de Meta\",\"isPartOf\":{\"@id\":\"https:\/\/about.fb.com\/fr\/#website\"},\"primaryImageOfPage\":{\"@id\":\"https:\/\/about.fb.com\/fr\/#primaryimage\"},\"image\":{\"@id\":\"https:\/\/about.fb.com\/fr\/#primaryimage\"},\"thumbnailUrl\":\"https:\/\/about.fb.com\/fr\/wp-content\/uploads\/sites\/12\/2020\/07\/two-women-laugh-sitting-against-wall-hero-bg-desktop.jpg?fit=2880%2C1620\",\"datePublished\":\"2019-08-20T13:49:03+00:00\",\"dateModified\":\"2025-08-06T10:44:56+00:00\",\"description\":\"La soci\u00e9t\u00e9 Facebook d\u00e9veloppe des technologies qui permettent aux individus de communiquer avec leurs amis et leur famille, de trouver des communaut\u00e9s et de d\u00e9velopper leur entreprise.\",\"breadcrumb\":{\"@id\":\"https:\/\/about.fb.com\/fr\/#breadcrumb\"},\"inLanguage\":\"fr-FR\",\"potentialAction\":[{\"@type\":\"ReadAction\",\"target\":[\"https:\/\/about.fb.com\/fr\/\"]}],\"author\":\"\u00c0 propos de Meta\"},{\"@type\":\"ImageObject\",\"inLanguage\":\"fr-FR\",\"@id\":\"https:\/\/about.fb.com\/fr\/#primaryimage\",\"url\":\"https:\/\/about.fb.com\/fr\/wp-content\/uploads\/sites\/12\/2020\/07\/two-women-laugh-sitting-against-wall-hero-bg-desktop.jpg?fit=2880%2C1620\",\"contentUrl\":\"https:\/\/about.fb.com\/fr\/wp-content\/uploads\/sites\/12\/2020\/07\/two-women-laugh-sitting-against-wall-hero-bg-desktop.jpg?fit=2880%2C1620\",\"width\":2880,\"height\":1620},{\"@type\":\"BreadcrumbList\",\"@id\":\"https:\/\/about.fb.com\/fr\/#breadcrumb\",\"itemListElement\":[{\"@type\":\"ListItem\",\"position\":1,\"name\":\"Home\",\"item\":\"https:\/\/about.fb.com\/fr\/\"},{\"@type\":\"ListItem\",\"position\":2,\"name\":\"Premi\u00e8re page\"}]},{\"@type\":\"WebSite\",\"@id\":\"https:\/\/about.fb.com\/fr\/#website\",\"url\":\"https:\/\/about.fb.com\/news\/\",\"name\":\"\u00c0 propos de Meta\",\"description\":\"\",\"publisher\":{\"@id\":\"https:\/\/about.fb.com\/fr\/#organization\"},\"potentialAction\":[{\"@type\":\"SearchAction\",\"target\":{\"@type\":\"EntryPoint\",\"urlTemplate\":\"https:\/\/about.fb.com\/fr\/?s={search_term_string}\"},\"query-input\":{\"@type\":\"PropertyValueSpecification\",\"valueRequired\":true,\"valueName\":\"search_term_string\"}}],\"inLanguage\":\"fr-FR\",\"alternateName\":[\"Meta Newsroom\",\"Meta\"]},{\"@type\":\"Organization\",\"@id\":\"https:\/\/about.fb.com\/fr\/#organization\",\"name\":\"Meta\",\"url\":\"https:\/\/about.fb.com\/fr\/\",\"logo\":{\"@type\":\"ImageObject\",\"inLanguage\":\"fr-FR\",\"@id\":\"https:\/\/about.fb.com\/fr\/#\/schema\/logo\/image\/\",\"url\":\"https:\/\/about.fb.com\/fr\/wp-content\/uploads\/sites\/12\/2021\/10\/meta-social-16x9-1.jpg?fit=8000%2C4500\",\"contentUrl\":\"https:\/\/about.fb.com\/fr\/wp-content\/uploads\/sites\/12\/2021\/10\/meta-social-16x9-1.jpg?fit=8000%2C4500\",\"width\":8000,\"height\":4500,\"caption\":\"Meta\"},\"image\":{\"@id\":\"https:\/\/about.fb.com\/fr\/#\/schema\/logo\/image\/\"}}]}<\/script>\n<!-- \/ Yoast SEO plugin. -->","yoast_head_json":{"title":"\u00c0 propos de Meta","description":"La soci\u00e9t\u00e9 Facebook d\u00e9veloppe des technologies qui permettent aux individus de communiquer avec leurs amis et leur famille, de trouver des communaut\u00e9s et de d\u00e9velopper leur entreprise.","robots":{"index":"index","follow":"follow","max-snippet":"max-snippet:-1","max-image-preview":"max-image-preview:large","max-video-preview":"max-video-preview:-1"},"canonical":"https:\/\/about.fb.com\/fr\/","og_locale":"fr_FR","og_type":"article","og_title":"\u00c0 propos de Meta","og_description":"La soci\u00e9t\u00e9 Facebook d\u00e9veloppe des technologies qui permettent aux individus de communiquer avec leurs amis et leur famille, de trouver des communaut\u00e9s et de d\u00e9velopper leur entreprise.","og_url":"https:\/\/about.fb.com\/fr\/","og_site_name":"\u00c0 propos de Meta","article_modified_time":"2025-08-06T10:44:56+00:00","og_image":[{"width":1024,"height":536,"url":"https:\/\/about.fb.com\/fr\/wp-content\/uploads\/sites\/12\/2020\/07\/hp-sharing-social.jpg?resize=1024,536","type":"image\/jpeg"}],"twitter_card":"summary_large_image","twitter_description":"La soci\u00e9t\u00e9 Facebook d\u00e9veloppe des technologies qui permettent aux individus de communiquer avec leurs amis et leur famille, de trouver des communaut\u00e9s et de d\u00e9velopper leur entreprise.","twitter_misc":{"Est. reading time":"1 minute"},"schema":{"@context":"https:\/\/schema.org","@graph":[{"@type":"WebPage","@id":"https:\/\/about.fb.com\/fr\/","url":"https:\/\/about.fb.com\/fr\/","name":"\u00c0 propos de Meta","isPartOf":{"@id":"https:\/\/about.fb.com\/fr\/#website"},"primaryImageOfPage":{"@id":"https:\/\/about.fb.com\/fr\/#primaryimage"},"image":{"@id":"https:\/\/about.fb.com\/fr\/#primaryimage"},"thumbnailUrl":"https:\/\/about.fb.com\/fr\/wp-content\/uploads\/sites\/12\/2020\/07\/two-women-laugh-sitting-against-wall-hero-bg-desktop.jpg?fit=2880%2C1620","datePublished":"2019-08-20T13:49:03+00:00","dateModified":"2025-08-06T10:44:56+00:00","description":"La soci\u00e9t\u00e9 Facebook d\u00e9veloppe des technologies qui permettent aux individus de communiquer avec leurs amis et leur famille, de trouver des communaut\u00e9s et de d\u00e9velopper leur entreprise.","breadcrumb":{"@id":"https:\/\/about.fb.com\/fr\/#breadcrumb"},"inLanguage":"fr-FR","potentialAction":[{"@type":"ReadAction","target":["https:\/\/about.fb.com\/fr\/"]}],"author":"\u00c0 propos de Meta"},{"@type":"ImageObject","inLanguage":"fr-FR","@id":"https:\/\/about.fb.com\/fr\/#primaryimage","url":"https:\/\/about.fb.com\/fr\/wp-content\/uploads\/sites\/12\/2020\/07\/two-women-laugh-sitting-against-wall-hero-bg-desktop.jpg?fit=2880%2C1620","contentUrl":"https:\/\/about.fb.com\/fr\/wp-content\/uploads\/sites\/12\/2020\/07\/two-women-laugh-sitting-against-wall-hero-bg-desktop.jpg?fit=2880%2C1620","width":2880,"height":1620},{"@type":"BreadcrumbList","@id":"https:\/\/about.fb.com\/fr\/#breadcrumb","itemListElement":[{"@type":"ListItem","position":1,"name":"Home","item":"https:\/\/about.fb.com\/fr\/"},{"@type":"ListItem","position":2,"name":"Premi\u00e8re page"}]},{"@type":"WebSite","@id":"https:\/\/about.fb.com\/fr\/#website","url":"https:\/\/about.fb.com\/news\/","name":"\u00c0 propos de Meta","description":"","publisher":{"@id":"https:\/\/about.fb.com\/fr\/#organization"},"potentialAction":[{"@type":"SearchAction","target":{"@type":"EntryPoint","urlTemplate":"https:\/\/about.fb.com\/fr\/?s={search_term_string}"},"query-input":{"@type":"PropertyValueSpecification","valueRequired":true,"valueName":"search_term_string"}}],"inLanguage":"fr-FR","alternateName":["Meta Newsroom","Meta"]},{"@type":"Organization","@id":"https:\/\/about.fb.com\/fr\/#organization","name":"Meta","url":"https:\/\/about.fb.com\/fr\/","logo":{"@type":"ImageObject","inLanguage":"fr-FR","@id":"https:\/\/about.fb.com\/fr\/#\/schema\/logo\/image\/","url":"https:\/\/about.fb.com\/fr\/wp-content\/uploads\/sites\/12\/2021\/10\/meta-social-16x9-1.jpg?fit=8000%2C4500","contentUrl":"https:\/\/about.fb.com\/fr\/wp-content\/uploads\/sites\/12\/2021\/10\/meta-social-16x9-1.jpg?fit=8000%2C4500","width":8000,"height":4500,"caption":"Meta"},"image":{"@id":"https:\/\/about.fb.com\/fr\/#\/schema\/logo\/image\/"}}]}},"jetpack-related-posts":[],"jetpack_sharing_enabled":true,"amp_enabled":false,"_links":{"self":[{"href":"https:\/\/about.fb.com\/fr\/wp-json\/wp\/v2\/pages\/18","targetHints":{"allow":["GET"]}}],"collection":[{"href":"https:\/\/about.fb.com\/fr\/wp-json\/wp\/v2\/pages"}],"about":[{"href":"https:\/\/about.fb.com\/fr\/wp-json\/wp\/v2\/types\/page"}],"author":[{"embeddable":true,"href":"https:\/\/about.fb.com\/fr\/wp-json\/wp\/v2\/users\/107536138"}],"replies":[{"embeddable":true,"href":"https:\/\/about.fb.com\/fr\/wp-json\/wp\/v2\/comments?post=18"}],"version-history":[{"count":3,"href":"https:\/\/about.fb.com\/fr\/wp-json\/wp\/v2\/pages\/18\/revisions"}],"predecessor-version":[{"id":24208,"href":"https:\/\/about.fb.com\/fr\/wp-json\/wp\/v2\/pages\/18\/revisions\/24208"}],"wp:featuredmedia":[{"embeddable":true,"href":"https:\/\/about.fb.com\/fr\/wp-json\/wp\/v2\/media\/21653"}],"wp:attachment":[{"href":"https:\/\/about.fb.com\/fr\/wp-json\/wp\/v2\/media?parent=18"}],"curies":[{"name":"wp","href":"https:\/\/api.w.org\/{rel}","templated":true}]}}