{"id":622,"date":"2021-10-29T10:00:00","date_gmt":"2021-10-29T09:00:00","guid":{"rendered":"https:\/\/about-fb-preprod.go-vip.net\/?page_id=622"},"modified":"2021-11-01T09:05:52","modified_gmt":"2021-11-01T08:05:52","slug":"company-info","status":"publish","type":"page","link":"https:\/\/about.fb.com\/de\/company-info\/","title":{"rendered":"Unternehmensinformationen"},"content":{"rendered":"","protected":false},"excerpt":{"rendered":"","protected":false},"author":107536138,"featured_media":19960,"parent":0,"menu_order":9999,"comment_status":"closed","ping_status":"closed","template":"page-company-info.php","meta":{"footnotes":""},"class_list":["post-622","page","type-page","status-publish","has-post-thumbnail","hentry"],"yoast_head":"<!-- This site is optimized with the Yoast SEO plugin v27.2 - https:\/\/yoast.com\/product\/yoast-seo-wordpress\/ -->\n<title>Unternehmensinformationen | \u00dcber Facebook<\/title>\n<meta name=\"description\" content=\"Die Mission des Facebook-Unternehmens ist, den Menschen die M\u00f6glichkeit zu geben, Gemeinschaften zu bilden, und die Welt n\u00e4her zusammenzubringen.\" \/>\n<meta name=\"robots\" content=\"index, follow, max-snippet:-1, max-image-preview:large, max-video-preview:-1\" \/>\n<link rel=\"canonical\" href=\"https:\/\/about.fb.com\/de\/company-info\/\" \/>\n<meta property=\"og:locale\" content=\"de_DE\" \/>\n<meta property=\"og:type\" content=\"article\" \/>\n<meta property=\"og:title\" content=\"Unternehmensinformationen | \u00dcber Facebook\" \/>\n<meta property=\"og:description\" content=\"Die Mission des Facebook-Unternehmens ist, den Menschen die M\u00f6glichkeit zu geben, Gemeinschaften zu bilden, und die Welt n\u00e4her zusammenzubringen.\" \/>\n<meta property=\"og:url\" content=\"https:\/\/about.fb.com\/de\/company-info\/\" \/>\n<meta property=\"og:site_name\" content=\"\u00dcber Meta\" \/>\n<meta property=\"article:modified_time\" content=\"2021-11-01T08:05:52+00:00\" \/>\n<meta property=\"og:image\" content=\"https:\/\/about.fb.com\/de\/wp-content\/uploads\/sites\/10\/2019\/11\/FB_CompanyInfo_Social.png?resize=1024,536\" \/>\n\t<meta property=\"og:image:width\" content=\"1024\" \/>\n\t<meta property=\"og:image:height\" content=\"536\" \/>\n\t<meta property=\"og:image:type\" content=\"image\/png\" \/>\n<meta name=\"twitter:card\" content=\"summary_large_image\" \/>\n<meta name=\"twitter:title\" content=\"Unternehmensinformationen | \u00dcber Facebook\" \/>\n<meta name=\"twitter:description\" content=\"Die Mission des Facebook-Unternehmens ist, den Menschen die M\u00f6glichkeit zu geben, Gemeinschaften zu bilden, und die Welt n\u00e4her zusammenzubringen.\" \/>\n<script type=\"application\/ld+json\" class=\"yoast-schema-graph\">{\"@context\":\"https:\/\/schema.org\",\"@graph\":[{\"@type\":\"WebPage\",\"@id\":\"https:\/\/about.fb.com\/de\/company-info\/\",\"url\":\"https:\/\/about.fb.com\/de\/company-info\/\",\"name\":\"Unternehmensinformationen | \u00dcber Facebook\",\"isPartOf\":{\"@id\":\"https:\/\/about.fb.com\/de\/#website\"},\"primaryImageOfPage\":{\"@id\":\"https:\/\/about.fb.com\/de\/company-info\/#primaryimage\"},\"image\":{\"@id\":\"https:\/\/about.fb.com\/de\/company-info\/#primaryimage\"},\"thumbnailUrl\":\"https:\/\/about.fb.com\/de\/wp-content\/uploads\/sites\/10\/2019\/11\/Desktop-mission_hero.png?fit=2880%2C1620\",\"datePublished\":\"2021-10-29T09:00:00+00:00\",\"dateModified\":\"2021-11-01T08:05:52+00:00\",\"description\":\"Die Mission des Facebook-Unternehmens ist, den Menschen die M\u00f6glichkeit zu geben, Gemeinschaften zu bilden, und die Welt n\u00e4her zusammenzubringen.\",\"breadcrumb\":{\"@id\":\"https:\/\/about.fb.com\/de\/company-info\/#breadcrumb\"},\"inLanguage\":\"de-DE\",\"potentialAction\":[{\"@type\":\"ReadAction\",\"target\":[\"https:\/\/about.fb.com\/de\/company-info\/\"]}],\"author\":\"\u00dcber Meta\"},{\"@type\":\"ImageObject\",\"inLanguage\":\"de-DE\",\"@id\":\"https:\/\/about.fb.com\/de\/company-info\/#primaryimage\",\"url\":\"https:\/\/about.fb.com\/de\/wp-content\/uploads\/sites\/10\/2019\/11\/Desktop-mission_hero.png?fit=2880%2C1620\",\"contentUrl\":\"https:\/\/about.fb.com\/de\/wp-content\/uploads\/sites\/10\/2019\/11\/Desktop-mission_hero.png?fit=2880%2C1620\",\"width\":2880,\"height\":1620},{\"@type\":\"BreadcrumbList\",\"@id\":\"https:\/\/about.fb.com\/de\/company-info\/#breadcrumb\",\"itemListElement\":[{\"@type\":\"ListItem\",\"position\":1,\"name\":\"Home\",\"item\":\"https:\/\/about.fb.com\/de\/\"},{\"@type\":\"ListItem\",\"position\":2,\"name\":\"Unternehmensinformationen\"}]},{\"@type\":\"WebSite\",\"@id\":\"https:\/\/about.fb.com\/de\/#website\",\"url\":\"https:\/\/about.fb.com\/news\/\",\"name\":\"\u00dcber Meta\",\"description\":\"\",\"publisher\":{\"@id\":\"https:\/\/about.fb.com\/de\/#organization\"},\"potentialAction\":[{\"@type\":\"SearchAction\",\"target\":{\"@type\":\"EntryPoint\",\"urlTemplate\":\"https:\/\/about.fb.com\/de\/?s={search_term_string}\"},\"query-input\":{\"@type\":\"PropertyValueSpecification\",\"valueRequired\":true,\"valueName\":\"search_term_string\"}}],\"inLanguage\":\"de-DE\",\"alternateName\":[\"Meta Newsroom\",\"Meta\"]},{\"@type\":\"Organization\",\"@id\":\"https:\/\/about.fb.com\/de\/#organization\",\"name\":\"Meta\",\"url\":\"https:\/\/about.fb.com\/de\/\",\"logo\":{\"@type\":\"ImageObject\",\"inLanguage\":\"de-DE\",\"@id\":\"https:\/\/about.fb.com\/de\/#\/schema\/logo\/image\/\",\"url\":\"https:\/\/about.fb.com\/de\/wp-content\/uploads\/sites\/10\/2021\/10\/meta-social-16x9-1.jpg?fit=8000%2C4500\",\"contentUrl\":\"https:\/\/about.fb.com\/de\/wp-content\/uploads\/sites\/10\/2021\/10\/meta-social-16x9-1.jpg?fit=8000%2C4500\",\"width\":8000,\"height\":4500,\"caption\":\"Meta\"},\"image\":{\"@id\":\"https:\/\/about.fb.com\/de\/#\/schema\/logo\/image\/\"}}]}<\/script>\n<!-- \/ Yoast SEO plugin. -->","yoast_head_json":{"title":"Unternehmensinformationen | \u00dcber Facebook","description":"Die Mission des Facebook-Unternehmens ist, den Menschen die M\u00f6glichkeit zu geben, Gemeinschaften zu bilden, und die Welt n\u00e4her zusammenzubringen.","robots":{"index":"index","follow":"follow","max-snippet":"max-snippet:-1","max-image-preview":"max-image-preview:large","max-video-preview":"max-video-preview:-1"},"canonical":"https:\/\/about.fb.com\/de\/company-info\/","og_locale":"de_DE","og_type":"article","og_title":"Unternehmensinformationen | \u00dcber Facebook","og_description":"Die Mission des Facebook-Unternehmens ist, den Menschen die M\u00f6glichkeit zu geben, Gemeinschaften zu bilden, und die Welt n\u00e4her zusammenzubringen.","og_url":"https:\/\/about.fb.com\/de\/company-info\/","og_site_name":"\u00dcber Meta","article_modified_time":"2021-11-01T08:05:52+00:00","og_image":[{"width":1024,"height":536,"url":"https:\/\/about.fb.com\/de\/wp-content\/uploads\/sites\/10\/2019\/11\/FB_CompanyInfo_Social.png?resize=1024,536","type":"image\/png"}],"twitter_card":"summary_large_image","twitter_title":"Unternehmensinformationen | \u00dcber Facebook","twitter_description":"Die Mission des Facebook-Unternehmens ist, den Menschen die M\u00f6glichkeit zu geben, Gemeinschaften zu bilden, und die Welt n\u00e4her zusammenzubringen.","schema":{"@context":"https:\/\/schema.org","@graph":[{"@type":"WebPage","@id":"https:\/\/about.fb.com\/de\/company-info\/","url":"https:\/\/about.fb.com\/de\/company-info\/","name":"Unternehmensinformationen | \u00dcber Facebook","isPartOf":{"@id":"https:\/\/about.fb.com\/de\/#website"},"primaryImageOfPage":{"@id":"https:\/\/about.fb.com\/de\/company-info\/#primaryimage"},"image":{"@id":"https:\/\/about.fb.com\/de\/company-info\/#primaryimage"},"thumbnailUrl":"https:\/\/about.fb.com\/de\/wp-content\/uploads\/sites\/10\/2019\/11\/Desktop-mission_hero.png?fit=2880%2C1620","datePublished":"2021-10-29T09:00:00+00:00","dateModified":"2021-11-01T08:05:52+00:00","description":"Die Mission des Facebook-Unternehmens ist, den Menschen die M\u00f6glichkeit zu geben, Gemeinschaften zu bilden, und die Welt n\u00e4her zusammenzubringen.","breadcrumb":{"@id":"https:\/\/about.fb.com\/de\/company-info\/#breadcrumb"},"inLanguage":"de-DE","potentialAction":[{"@type":"ReadAction","target":["https:\/\/about.fb.com\/de\/company-info\/"]}],"author":"\u00dcber Meta"},{"@type":"ImageObject","inLanguage":"de-DE","@id":"https:\/\/about.fb.com\/de\/company-info\/#primaryimage","url":"https:\/\/about.fb.com\/de\/wp-content\/uploads\/sites\/10\/2019\/11\/Desktop-mission_hero.png?fit=2880%2C1620","contentUrl":"https:\/\/about.fb.com\/de\/wp-content\/uploads\/sites\/10\/2019\/11\/Desktop-mission_hero.png?fit=2880%2C1620","width":2880,"height":1620},{"@type":"BreadcrumbList","@id":"https:\/\/about.fb.com\/de\/company-info\/#breadcrumb","itemListElement":[{"@type":"ListItem","position":1,"name":"Home","item":"https:\/\/about.fb.com\/de\/"},{"@type":"ListItem","position":2,"name":"Unternehmensinformationen"}]},{"@type":"WebSite","@id":"https:\/\/about.fb.com\/de\/#website","url":"https:\/\/about.fb.com\/news\/","name":"\u00dcber Meta","description":"","publisher":{"@id":"https:\/\/about.fb.com\/de\/#organization"},"potentialAction":[{"@type":"SearchAction","target":{"@type":"EntryPoint","urlTemplate":"https:\/\/about.fb.com\/de\/?s={search_term_string}"},"query-input":{"@type":"PropertyValueSpecification","valueRequired":true,"valueName":"search_term_string"}}],"inLanguage":"de-DE","alternateName":["Meta Newsroom","Meta"]},{"@type":"Organization","@id":"https:\/\/about.fb.com\/de\/#organization","name":"Meta","url":"https:\/\/about.fb.com\/de\/","logo":{"@type":"ImageObject","inLanguage":"de-DE","@id":"https:\/\/about.fb.com\/de\/#\/schema\/logo\/image\/","url":"https:\/\/about.fb.com\/de\/wp-content\/uploads\/sites\/10\/2021\/10\/meta-social-16x9-1.jpg?fit=8000%2C4500","contentUrl":"https:\/\/about.fb.com\/de\/wp-content\/uploads\/sites\/10\/2021\/10\/meta-social-16x9-1.jpg?fit=8000%2C4500","width":8000,"height":4500,"caption":"Meta"},"image":{"@id":"https:\/\/about.fb.com\/de\/#\/schema\/logo\/image\/"}}]}},"jetpack-related-posts":[],"jetpack_sharing_enabled":true,"amp_enabled":false,"_links":{"self":[{"href":"https:\/\/about.fb.com\/de\/wp-json\/wp\/v2\/pages\/622","targetHints":{"allow":["GET"]}}],"collection":[{"href":"https:\/\/about.fb.com\/de\/wp-json\/wp\/v2\/pages"}],"about":[{"href":"https:\/\/about.fb.com\/de\/wp-json\/wp\/v2\/types\/page"}],"author":[{"embeddable":true,"href":"https:\/\/about.fb.com\/de\/wp-json\/wp\/v2\/users\/107536138"}],"replies":[{"embeddable":true,"href":"https:\/\/about.fb.com\/de\/wp-json\/wp\/v2\/comments?post=622"}],"version-history":[{"count":4,"href":"https:\/\/about.fb.com\/de\/wp-json\/wp\/v2\/pages\/622\/revisions"}],"predecessor-version":[{"id":25250,"href":"https:\/\/about.fb.com\/de\/wp-json\/wp\/v2\/pages\/622\/revisions\/25250"}],"wp:featuredmedia":[{"embeddable":true,"href":"https:\/\/about.fb.com\/de\/wp-json\/wp\/v2\/media\/19960"}],"wp:attachment":[{"href":"https:\/\/about.fb.com\/de\/wp-json\/wp\/v2\/media?parent=622"}],"curies":[{"name":"wp","href":"https:\/\/api.w.org\/{rel}","templated":true}]}}